{"id":745,"date":"2024-03-19T07:07:53","date_gmt":"2024-03-19T07:07:53","guid":{"rendered":"https:\/\/www.lamaisondupainaubeurre.com\/?page_id=745"},"modified":"2024-04-26T09:32:46","modified_gmt":"2024-04-26T09:32:46","slug":"mentions-legales","status":"publish","type":"page","link":"https:\/\/www.lamaisondupainaubeurre.com\/index.php\/mentions-legales\/","title":{"rendered":"Mentions l\u00e9gales"},"content":{"rendered":"\t\t<div data-elementor-type=\"wp-page\" data-elementor-id=\"745\" class=\"elementor elementor-745\">\n\t\t\t\t<div class=\"elementor-element elementor-element-ffafc41 e-flex e-con-boxed e-con e-parent\" data-id=\"ffafc41\" data-element_type=\"container\" data-e-type=\"container\">\n\t\t\t\t\t<div class=\"e-con-inner\">\n\t\t<div class=\"elementor-element elementor-element-7333c18 e-con-full e-flex e-con e-child\" data-id=\"7333c18\" data-element_type=\"container\" data-e-type=\"container\">\n\t\t\t\t<div class=\"elementor-element elementor-element-a012c62 elementor-widget elementor-widget-heading\" data-id=\"a012c62\" data-element_type=\"widget\" data-e-type=\"widget\" data-widget_type=\"heading.default\">\n\t\t\t\t<div class=\"elementor-widget-container\">\n\t\t\t\t\t<h2 class=\"elementor-heading-title elementor-size-default\">Mentions l\u00e9gales<\/h2>\t\t\t\t<\/div>\n\t\t\t\t<\/div>\n\t\t\t\t<div class=\"elementor-element elementor-element-e06f3e7 elementor-widget elementor-widget-text-editor\" data-id=\"e06f3e7\" data-element_type=\"widget\" data-e-type=\"widget\" data-widget_type=\"text-editor.default\">\n\t\t\t\t<div class=\"elementor-widget-container\">\n\t\t\t\t\t\t\t\t\t<p>www.lamaisondupainaubeurre.com est \u00e9dit\u00e9 par l&rsquo;entreprise individuelle Smart et vous &#8211; SIRET : 50976517800074 &#8211; 1 All\u00e9e de Grigny, 77220 Gretz-Armainvilliers &#8211; France<\/p>\n<p>Le site est h\u00e9berg\u00e9 par Alwaysdata &#8211; 91 rue du Faubourg Saint-Honor\u00e9, 75008 Paris &#8211; France<\/p>\t\t\t\t\t\t\t\t<\/div>\n\t\t\t\t<\/div>\n\t\t\t\t<\/div>\n\t\t<div class=\"elementor-element elementor-element-cee6b88 e-con-full e-flex e-con e-child\" data-id=\"cee6b88\" data-element_type=\"container\" data-e-type=\"container\">\n\t\t\t\t<\/div>\n\t\t\t\t\t<\/div>\n\t\t\t\t<\/div>\n\t\t\t\t<\/div>\n\t\t","protected":false},"excerpt":{"rendered":"<p>Mentions l\u00e9gales www.lamaisondupainaubeurre.com est \u00e9dit\u00e9 par l&rsquo;entreprise individuelle Smart et vous &#8211; SIRET : 50976517800074 &#8211; 1 All\u00e9e de Grigny, 77220 Gretz-Armainvilliers &#8211; France Le site est h\u00e9berg\u00e9 par Alwaysdata &#8211; 91 rue du Faubourg Saint-Honor\u00e9, 75008 Paris &#8211; France<\/p>\n","protected":false},"author":1,"featured_media":0,"parent":0,"menu_order":0,"comment_status":"closed","ping_status":"closed","template":"","meta":{"footnotes":""},"class_list":["post-745","page","type-page","status-publish","hentry"],"yoast_head":"<!-- This site is optimized with the Yoast SEO plugin v27.4 - https:\/\/yoast.com\/product\/yoast-seo-wordpress\/ -->\n<title>Mentions l\u00e9gales - La maison du pain au beurre<\/title>\n<meta name=\"robots\" content=\"index, follow, max-snippet:-1, max-image-preview:large, max-video-preview:-1\" \/>\n<link rel=\"canonical\" href=\"https:\/\/www.lamaisondupainaubeurre.com\/index.php\/mentions-legales\/\" \/>\n<meta property=\"og:locale\" content=\"fr_FR\" \/>\n<meta property=\"og:type\" content=\"article\" \/>\n<meta property=\"og:title\" content=\"Mentions l\u00e9gales - La maison du pain au beurre\" \/>\n<meta property=\"og:description\" content=\"Mentions l\u00e9gales www.lamaisondupainaubeurre.com est \u00e9dit\u00e9 par l&rsquo;entreprise individuelle Smart et vous &#8211; SIRET : 50976517800074 &#8211; 1 All\u00e9e de Grigny, 77220 Gretz-Armainvilliers &#8211; France Le site est h\u00e9berg\u00e9 par Alwaysdata &#8211; 91 rue du Faubourg Saint-Honor\u00e9, 75008 Paris &#8211; France\" \/>\n<meta property=\"og:url\" content=\"https:\/\/www.lamaisondupainaubeurre.com\/index.php\/mentions-legales\/\" \/>\n<meta property=\"og:site_name\" content=\"La maison du pain au beurre\" \/>\n<meta property=\"article:modified_time\" content=\"2024-04-26T09:32:46+00:00\" \/>\n<meta name=\"twitter:card\" content=\"summary_large_image\" \/>\n<meta name=\"twitter:label1\" content=\"Dur\u00e9e de lecture estim\u00e9e\" \/>\n\t<meta name=\"twitter:data1\" content=\"1 minute\" \/>\n<script type=\"application\/ld+json\" class=\"yoast-schema-graph\">{\"@context\":\"https:\\\/\\\/schema.org\",\"@graph\":[{\"@type\":\"WebPage\",\"@id\":\"https:\\\/\\\/www.lamaisondupainaubeurre.com\\\/index.php\\\/mentions-legales\\\/\",\"url\":\"https:\\\/\\\/www.lamaisondupainaubeurre.com\\\/index.php\\\/mentions-legales\\\/\",\"name\":\"Mentions l\u00e9gales - La maison du pain au beurre\",\"isPartOf\":{\"@id\":\"https:\\\/\\\/www.lamaisondupainaubeurre.com\\\/#website\"},\"datePublished\":\"2024-03-19T07:07:53+00:00\",\"dateModified\":\"2024-04-26T09:32:46+00:00\",\"breadcrumb\":{\"@id\":\"https:\\\/\\\/www.lamaisondupainaubeurre.com\\\/index.php\\\/mentions-legales\\\/#breadcrumb\"},\"inLanguage\":\"fr-FR\",\"potentialAction\":[{\"@type\":\"ReadAction\",\"target\":[\"https:\\\/\\\/www.lamaisondupainaubeurre.com\\\/index.php\\\/mentions-legales\\\/\"]}]},{\"@type\":\"BreadcrumbList\",\"@id\":\"https:\\\/\\\/www.lamaisondupainaubeurre.com\\\/index.php\\\/mentions-legales\\\/#breadcrumb\",\"itemListElement\":[{\"@type\":\"ListItem\",\"position\":1,\"name\":\"Accueil\",\"item\":\"https:\\\/\\\/www.lamaisondupainaubeurre.com\\\/\"},{\"@type\":\"ListItem\",\"position\":2,\"name\":\"Mentions l\u00e9gales\"}]},{\"@type\":\"WebSite\",\"@id\":\"https:\\\/\\\/www.lamaisondupainaubeurre.com\\\/#website\",\"url\":\"https:\\\/\\\/www.lamaisondupainaubeurre.com\\\/\",\"name\":\"La maison du pain au beurre\",\"description\":\"\",\"publisher\":{\"@id\":\"https:\\\/\\\/www.lamaisondupainaubeurre.com\\\/#organization\"},\"potentialAction\":[{\"@type\":\"SearchAction\",\"target\":{\"@type\":\"EntryPoint\",\"urlTemplate\":\"https:\\\/\\\/www.lamaisondupainaubeurre.com\\\/?s={search_term_string}\"},\"query-input\":{\"@type\":\"PropertyValueSpecification\",\"valueRequired\":true,\"valueName\":\"search_term_string\"}}],\"inLanguage\":\"fr-FR\"},{\"@type\":\"Organization\",\"@id\":\"https:\\\/\\\/www.lamaisondupainaubeurre.com\\\/#organization\",\"name\":\"La maison du pain au beurre\",\"url\":\"https:\\\/\\\/www.lamaisondupainaubeurre.com\\\/\",\"logo\":{\"@type\":\"ImageObject\",\"inLanguage\":\"fr-FR\",\"@id\":\"https:\\\/\\\/www.lamaisondupainaubeurre.com\\\/#\\\/schema\\\/logo\\\/image\\\/\",\"url\":\"https:\\\/\\\/www.lamaisondupainaubeurre.com\\\/wp-content\\\/uploads\\\/2023\\\/12\\\/Logo-la-maison-du-pain-au-beurre-rouge-avec-bordure.png\",\"contentUrl\":\"https:\\\/\\\/www.lamaisondupainaubeurre.com\\\/wp-content\\\/uploads\\\/2023\\\/12\\\/Logo-la-maison-du-pain-au-beurre-rouge-avec-bordure.png\",\"width\":900,\"height\":338,\"caption\":\"La maison du pain au beurre\"},\"image\":{\"@id\":\"https:\\\/\\\/www.lamaisondupainaubeurre.com\\\/#\\\/schema\\\/logo\\\/image\\\/\"}}]}<\/script>\n<!-- \/ Yoast SEO plugin. -->","yoast_head_json":{"title":"Mentions l\u00e9gales - La maison du pain au beurre","robots":{"index":"index","follow":"follow","max-snippet":"max-snippet:-1","max-image-preview":"max-image-preview:large","max-video-preview":"max-video-preview:-1"},"canonical":"https:\/\/www.lamaisondupainaubeurre.com\/index.php\/mentions-legales\/","og_locale":"fr_FR","og_type":"article","og_title":"Mentions l\u00e9gales - La maison du pain au beurre","og_description":"Mentions l\u00e9gales www.lamaisondupainaubeurre.com est \u00e9dit\u00e9 par l&rsquo;entreprise individuelle Smart et vous &#8211; SIRET : 50976517800074 &#8211; 1 All\u00e9e de Grigny, 77220 Gretz-Armainvilliers &#8211; France Le site est h\u00e9berg\u00e9 par Alwaysdata &#8211; 91 rue du Faubourg Saint-Honor\u00e9, 75008 Paris &#8211; France","og_url":"https:\/\/www.lamaisondupainaubeurre.com\/index.php\/mentions-legales\/","og_site_name":"La maison du pain au beurre","article_modified_time":"2024-04-26T09:32:46+00:00","twitter_card":"summary_large_image","twitter_misc":{"Dur\u00e9e de lecture estim\u00e9e":"1 minute"},"schema":{"@context":"https:\/\/schema.org","@graph":[{"@type":"WebPage","@id":"https:\/\/www.lamaisondupainaubeurre.com\/index.php\/mentions-legales\/","url":"https:\/\/www.lamaisondupainaubeurre.com\/index.php\/mentions-legales\/","name":"Mentions l\u00e9gales - La maison du pain au beurre","isPartOf":{"@id":"https:\/\/www.lamaisondupainaubeurre.com\/#website"},"datePublished":"2024-03-19T07:07:53+00:00","dateModified":"2024-04-26T09:32:46+00:00","breadcrumb":{"@id":"https:\/\/www.lamaisondupainaubeurre.com\/index.php\/mentions-legales\/#breadcrumb"},"inLanguage":"fr-FR","potentialAction":[{"@type":"ReadAction","target":["https:\/\/www.lamaisondupainaubeurre.com\/index.php\/mentions-legales\/"]}]},{"@type":"BreadcrumbList","@id":"https:\/\/www.lamaisondupainaubeurre.com\/index.php\/mentions-legales\/#breadcrumb","itemListElement":[{"@type":"ListItem","position":1,"name":"Accueil","item":"https:\/\/www.lamaisondupainaubeurre.com\/"},{"@type":"ListItem","position":2,"name":"Mentions l\u00e9gales"}]},{"@type":"WebSite","@id":"https:\/\/www.lamaisondupainaubeurre.com\/#website","url":"https:\/\/www.lamaisondupainaubeurre.com\/","name":"La maison du pain au beurre","description":"","publisher":{"@id":"https:\/\/www.lamaisondupainaubeurre.com\/#organization"},"potentialAction":[{"@type":"SearchAction","target":{"@type":"EntryPoint","urlTemplate":"https:\/\/www.lamaisondupainaubeurre.com\/?s={search_term_string}"},"query-input":{"@type":"PropertyValueSpecification","valueRequired":true,"valueName":"search_term_string"}}],"inLanguage":"fr-FR"},{"@type":"Organization","@id":"https:\/\/www.lamaisondupainaubeurre.com\/#organization","name":"La maison du pain au beurre","url":"https:\/\/www.lamaisondupainaubeurre.com\/","logo":{"@type":"ImageObject","inLanguage":"fr-FR","@id":"https:\/\/www.lamaisondupainaubeurre.com\/#\/schema\/logo\/image\/","url":"https:\/\/www.lamaisondupainaubeurre.com\/wp-content\/uploads\/2023\/12\/Logo-la-maison-du-pain-au-beurre-rouge-avec-bordure.png","contentUrl":"https:\/\/www.lamaisondupainaubeurre.com\/wp-content\/uploads\/2023\/12\/Logo-la-maison-du-pain-au-beurre-rouge-avec-bordure.png","width":900,"height":338,"caption":"La maison du pain au beurre"},"image":{"@id":"https:\/\/www.lamaisondupainaubeurre.com\/#\/schema\/logo\/image\/"}}]}},"_links":{"self":[{"href":"https:\/\/www.lamaisondupainaubeurre.com\/index.php\/wp-json\/wp\/v2\/pages\/745","targetHints":{"allow":["GET"]}}],"collection":[{"href":"https:\/\/www.lamaisondupainaubeurre.com\/index.php\/wp-json\/wp\/v2\/pages"}],"about":[{"href":"https:\/\/www.lamaisondupainaubeurre.com\/index.php\/wp-json\/wp\/v2\/types\/page"}],"author":[{"embeddable":true,"href":"https:\/\/www.lamaisondupainaubeurre.com\/index.php\/wp-json\/wp\/v2\/users\/1"}],"replies":[{"embeddable":true,"href":"https:\/\/www.lamaisondupainaubeurre.com\/index.php\/wp-json\/wp\/v2\/comments?post=745"}],"version-history":[{"count":7,"href":"https:\/\/www.lamaisondupainaubeurre.com\/index.php\/wp-json\/wp\/v2\/pages\/745\/revisions"}],"predecessor-version":[{"id":759,"href":"https:\/\/www.lamaisondupainaubeurre.com\/index.php\/wp-json\/wp\/v2\/pages\/745\/revisions\/759"}],"wp:attachment":[{"href":"https:\/\/www.lamaisondupainaubeurre.com\/index.php\/wp-json\/wp\/v2\/media?parent=745"}],"curies":[{"name":"wp","href":"https:\/\/api.w.org\/{rel}","templated":true}]}}