{"id":2528,"date":"2026-04-15T09:19:28","date_gmt":"2026-04-15T09:19:28","guid":{"rendered":"https:\/\/www.lamaisondupainaubeurre.com\/?post_type=product&#038;p=2528"},"modified":"2026-04-15T10:00:48","modified_gmt":"2026-04-15T10:00:48","slug":"pomme-cannelle-6-personnes","status":"publish","type":"product","link":"https:\/\/www.lamaisondupainaubeurre.com\/index.php\/produit\/pomme-cannelle-6-personnes\/","title":{"rendered":"Pomme cannelle x 6"},"content":{"rendered":"<p><strong>POMME CANNELLE x 6 &#8211; 480 g<\/strong><\/p>\n<p>Vendu par lot de six pommes cannelles<\/p>\n<p><strong>INGR\u00c9DIENTS<\/strong><\/p>\n<ul>\n<li>Farine, \u0153ufs, beurre, sel, sucre, levure.<\/li>\n<\/ul>\n<p>&nbsp;<\/p>\n<p><strong>CONSEILS DE D\u00c9GUSTATION<\/strong><\/p>\n<ul>\n<li>\u00c0 conserver \u00e0 temp\u00e9rature ambiante ou \u00e0 congeler.<\/li>\n<li>Conservation \u00e0 temp\u00e9rature ambiante: 5 \u00e0 7 jours<\/li>\n<li>Conservation au cong\u00e9lateur : 1 mois<\/li>\n<li>Le pain au beurre se d\u00e9guste seul ou accompagn\u00e9 d&rsquo;un chocolat chaud.<\/li>\n<li>Poids : 80 g \/ pomme cannelle<\/li>\n<\/ul>\n<p>&nbsp;<\/p>\n<p><strong>ALLERG\u00c8NES<\/strong><\/p>\n<ul>\n<li>Gluten, lait, \u0153ufs<\/li>\n<\/ul>\n","protected":false},"excerpt":{"rendered":"<p><strong>POMME CANNELLE x 6 &#8211; 480 g<\/strong><\/p>\n<p>Vendu par lot de six pommes cannelles<\/p>\n<p><strong>INGR\u00c9DIENTS<\/strong><\/p>\n<ul>\n<li>Farine, \u0153ufs, beurre, sel, sucre, levure.<\/li>\n<\/ul>\n<p>&nbsp;<\/p>\n<p><strong>CONSEILS DE D\u00c9GUSTATION<\/strong><\/p>\n<ul>\n<li>\u00c0 conserver \u00e0 temp\u00e9rature ambiante ou \u00e0 congeler.<\/li>\n<li>Conservation \u00e0 temp\u00e9rature ambiante: 5 \u00e0 7 jours<\/li>\n<li>Conservation au cong\u00e9lateur : 1 mois<\/li>\n<li>Le pain au beurre se d\u00e9guste seul ou accompagn\u00e9 d&rsquo;un chocolat chaud.<\/li>\n<li>Poids : 80 g \/ pomme cannelle<\/li>\n<\/ul>\n<p>&nbsp;<\/p>\n<p><strong>ALLERG\u00c8NES<\/strong><\/p>\n<ul>\n<li>Gluten, lait, \u0153ufs<\/li>\n<\/ul>\n","protected":false},"featured_media":2529,"template":"","meta":[],"product_brand":[],"product_cat":[18],"product_tag":[],"class_list":{"0":"post-2528","1":"product","2":"type-product","3":"status-publish","4":"has-post-thumbnail","6":"product_cat-pain-au-beurre","8":"first","9":"instock","10":"shipping-taxable","11":"purchasable","12":"product-type-simple"},"yoast_head":"<!-- This site is optimized with the Yoast SEO plugin v27.4 - https:\/\/yoast.com\/product\/yoast-seo-wordpress\/ -->\n<title>Pomme cannelle x 6 - La maison du pain au beurre<\/title>\n<meta name=\"description\" content=\"D\u00e9couvrez les saveurs du pain au beurre, un incontournable des \u00e9v\u00e9nements festifs en Martinique qui va vous faire voyager au c\u0153ur de la tradition culinaire.\" \/>\n<meta name=\"robots\" content=\"index, follow, max-snippet:-1, max-image-preview:large, max-video-preview:-1\" \/>\n<link rel=\"canonical\" href=\"https:\/\/www.lamaisondupainaubeurre.com\/index.php\/produit\/pomme-cannelle-6-personnes\/\" \/>\n<meta property=\"og:locale\" content=\"fr_FR\" \/>\n<meta property=\"og:type\" content=\"article\" \/>\n<meta property=\"og:title\" content=\"Pomme cannelle x 6 - La maison du pain au beurre\" \/>\n<meta property=\"og:description\" content=\"D\u00e9couvrez les saveurs du pain au beurre, un incontournable des \u00e9v\u00e9nements festifs en Martinique qui va vous faire voyager au c\u0153ur de la tradition culinaire.\" \/>\n<meta property=\"og:url\" content=\"https:\/\/www.lamaisondupainaubeurre.com\/index.php\/produit\/pomme-cannelle-6-personnes\/\" \/>\n<meta property=\"og:site_name\" content=\"La maison du pain au beurre\" \/>\n<meta property=\"article:modified_time\" content=\"2026-04-15T10:00:48+00:00\" \/>\n<meta property=\"og:image\" content=\"http:\/\/www.lamaisondupainaubeurre.com\/wp-content\/uploads\/2026\/04\/mini-pomme-cannelle-classique.jpg\" \/>\n\t<meta property=\"og:image:width\" content=\"1000\" \/>\n\t<meta property=\"og:image:height\" content=\"1000\" \/>\n\t<meta property=\"og:image:type\" content=\"image\/jpeg\" \/>\n<meta name=\"twitter:card\" content=\"summary_large_image\" \/>\n<meta name=\"twitter:label1\" content=\"Dur\u00e9e de lecture estim\u00e9e\" \/>\n\t<meta name=\"twitter:data1\" content=\"1 minute\" \/>\n<script type=\"application\/ld+json\" class=\"yoast-schema-graph\">{\"@context\":\"https:\\\/\\\/schema.org\",\"@graph\":[{\"@type\":\"WebPage\",\"@id\":\"https:\\\/\\\/www.lamaisondupainaubeurre.com\\\/index.php\\\/produit\\\/pomme-cannelle-6-personnes\\\/\",\"url\":\"https:\\\/\\\/www.lamaisondupainaubeurre.com\\\/index.php\\\/produit\\\/pomme-cannelle-6-personnes\\\/\",\"name\":\"Pomme cannelle x 6 - La maison du pain au beurre\",\"isPartOf\":{\"@id\":\"https:\\\/\\\/www.lamaisondupainaubeurre.com\\\/#website\"},\"primaryImageOfPage\":{\"@id\":\"https:\\\/\\\/www.lamaisondupainaubeurre.com\\\/index.php\\\/produit\\\/pomme-cannelle-6-personnes\\\/#primaryimage\"},\"image\":{\"@id\":\"https:\\\/\\\/www.lamaisondupainaubeurre.com\\\/index.php\\\/produit\\\/pomme-cannelle-6-personnes\\\/#primaryimage\"},\"thumbnailUrl\":\"https:\\\/\\\/www.lamaisondupainaubeurre.com\\\/wp-content\\\/uploads\\\/2026\\\/04\\\/mini-pomme-cannelle-classique.jpg\",\"datePublished\":\"2026-04-15T09:19:28+00:00\",\"dateModified\":\"2026-04-15T10:00:48+00:00\",\"description\":\"D\u00e9couvrez les saveurs du pain au beurre, un incontournable des \u00e9v\u00e9nements festifs en Martinique qui va vous faire voyager au c\u0153ur de la tradition culinaire.\",\"breadcrumb\":{\"@id\":\"https:\\\/\\\/www.lamaisondupainaubeurre.com\\\/index.php\\\/produit\\\/pomme-cannelle-6-personnes\\\/#breadcrumb\"},\"inLanguage\":\"fr-FR\",\"potentialAction\":[{\"@type\":\"ReadAction\",\"target\":[\"https:\\\/\\\/www.lamaisondupainaubeurre.com\\\/index.php\\\/produit\\\/pomme-cannelle-6-personnes\\\/\"]}]},{\"@type\":\"ImageObject\",\"inLanguage\":\"fr-FR\",\"@id\":\"https:\\\/\\\/www.lamaisondupainaubeurre.com\\\/index.php\\\/produit\\\/pomme-cannelle-6-personnes\\\/#primaryimage\",\"url\":\"https:\\\/\\\/www.lamaisondupainaubeurre.com\\\/wp-content\\\/uploads\\\/2026\\\/04\\\/mini-pomme-cannelle-classique.jpg\",\"contentUrl\":\"https:\\\/\\\/www.lamaisondupainaubeurre.com\\\/wp-content\\\/uploads\\\/2026\\\/04\\\/mini-pomme-cannelle-classique.jpg\",\"width\":1000,\"height\":1000},{\"@type\":\"BreadcrumbList\",\"@id\":\"https:\\\/\\\/www.lamaisondupainaubeurre.com\\\/index.php\\\/produit\\\/pomme-cannelle-6-personnes\\\/#breadcrumb\",\"itemListElement\":[{\"@type\":\"ListItem\",\"position\":1,\"name\":\"Accueil\",\"item\":\"https:\\\/\\\/www.lamaisondupainaubeurre.com\\\/\"},{\"@type\":\"ListItem\",\"position\":2,\"name\":\"Boutique\",\"item\":\"https:\\\/\\\/www.lamaisondupainaubeurre.com\\\/index.php\\\/boutique\\\/\"},{\"@type\":\"ListItem\",\"position\":3,\"name\":\"Pomme cannelle x 6\"}]},{\"@type\":\"WebSite\",\"@id\":\"https:\\\/\\\/www.lamaisondupainaubeurre.com\\\/#website\",\"url\":\"https:\\\/\\\/www.lamaisondupainaubeurre.com\\\/\",\"name\":\"La maison du pain au beurre\",\"description\":\"\",\"publisher\":{\"@id\":\"https:\\\/\\\/www.lamaisondupainaubeurre.com\\\/#organization\"},\"potentialAction\":[{\"@type\":\"SearchAction\",\"target\":{\"@type\":\"EntryPoint\",\"urlTemplate\":\"https:\\\/\\\/www.lamaisondupainaubeurre.com\\\/?s={search_term_string}\"},\"query-input\":{\"@type\":\"PropertyValueSpecification\",\"valueRequired\":true,\"valueName\":\"search_term_string\"}}],\"inLanguage\":\"fr-FR\"},{\"@type\":\"Organization\",\"@id\":\"https:\\\/\\\/www.lamaisondupainaubeurre.com\\\/#organization\",\"name\":\"La maison du pain au beurre\",\"url\":\"https:\\\/\\\/www.lamaisondupainaubeurre.com\\\/\",\"logo\":{\"@type\":\"ImageObject\",\"inLanguage\":\"fr-FR\",\"@id\":\"https:\\\/\\\/www.lamaisondupainaubeurre.com\\\/#\\\/schema\\\/logo\\\/image\\\/\",\"url\":\"https:\\\/\\\/www.lamaisondupainaubeurre.com\\\/wp-content\\\/uploads\\\/2023\\\/12\\\/Logo-la-maison-du-pain-au-beurre-rouge-avec-bordure.png\",\"contentUrl\":\"https:\\\/\\\/www.lamaisondupainaubeurre.com\\\/wp-content\\\/uploads\\\/2023\\\/12\\\/Logo-la-maison-du-pain-au-beurre-rouge-avec-bordure.png\",\"width\":900,\"height\":338,\"caption\":\"La maison du pain au beurre\"},\"image\":{\"@id\":\"https:\\\/\\\/www.lamaisondupainaubeurre.com\\\/#\\\/schema\\\/logo\\\/image\\\/\"}}]}<\/script>\n<!-- \/ Yoast SEO plugin. -->","yoast_head_json":{"title":"Pomme cannelle x 6 - La maison du pain au beurre","description":"D\u00e9couvrez les saveurs du pain au beurre, un incontournable des \u00e9v\u00e9nements festifs en Martinique qui va vous faire voyager au c\u0153ur de la tradition culinaire.","robots":{"index":"index","follow":"follow","max-snippet":"max-snippet:-1","max-image-preview":"max-image-preview:large","max-video-preview":"max-video-preview:-1"},"canonical":"https:\/\/www.lamaisondupainaubeurre.com\/index.php\/produit\/pomme-cannelle-6-personnes\/","og_locale":"fr_FR","og_type":"article","og_title":"Pomme cannelle x 6 - La maison du pain au beurre","og_description":"D\u00e9couvrez les saveurs du pain au beurre, un incontournable des \u00e9v\u00e9nements festifs en Martinique qui va vous faire voyager au c\u0153ur de la tradition culinaire.","og_url":"https:\/\/www.lamaisondupainaubeurre.com\/index.php\/produit\/pomme-cannelle-6-personnes\/","og_site_name":"La maison du pain au beurre","article_modified_time":"2026-04-15T10:00:48+00:00","og_image":[{"width":1000,"height":1000,"url":"http:\/\/www.lamaisondupainaubeurre.com\/wp-content\/uploads\/2026\/04\/mini-pomme-cannelle-classique.jpg","type":"image\/jpeg"}],"twitter_card":"summary_large_image","twitter_misc":{"Dur\u00e9e de lecture estim\u00e9e":"1 minute"},"schema":{"@context":"https:\/\/schema.org","@graph":[{"@type":"WebPage","@id":"https:\/\/www.lamaisondupainaubeurre.com\/index.php\/produit\/pomme-cannelle-6-personnes\/","url":"https:\/\/www.lamaisondupainaubeurre.com\/index.php\/produit\/pomme-cannelle-6-personnes\/","name":"Pomme cannelle x 6 - La maison du pain au beurre","isPartOf":{"@id":"https:\/\/www.lamaisondupainaubeurre.com\/#website"},"primaryImageOfPage":{"@id":"https:\/\/www.lamaisondupainaubeurre.com\/index.php\/produit\/pomme-cannelle-6-personnes\/#primaryimage"},"image":{"@id":"https:\/\/www.lamaisondupainaubeurre.com\/index.php\/produit\/pomme-cannelle-6-personnes\/#primaryimage"},"thumbnailUrl":"https:\/\/www.lamaisondupainaubeurre.com\/wp-content\/uploads\/2026\/04\/mini-pomme-cannelle-classique.jpg","datePublished":"2026-04-15T09:19:28+00:00","dateModified":"2026-04-15T10:00:48+00:00","description":"D\u00e9couvrez les saveurs du pain au beurre, un incontournable des \u00e9v\u00e9nements festifs en Martinique qui va vous faire voyager au c\u0153ur de la tradition culinaire.","breadcrumb":{"@id":"https:\/\/www.lamaisondupainaubeurre.com\/index.php\/produit\/pomme-cannelle-6-personnes\/#breadcrumb"},"inLanguage":"fr-FR","potentialAction":[{"@type":"ReadAction","target":["https:\/\/www.lamaisondupainaubeurre.com\/index.php\/produit\/pomme-cannelle-6-personnes\/"]}]},{"@type":"ImageObject","inLanguage":"fr-FR","@id":"https:\/\/www.lamaisondupainaubeurre.com\/index.php\/produit\/pomme-cannelle-6-personnes\/#primaryimage","url":"https:\/\/www.lamaisondupainaubeurre.com\/wp-content\/uploads\/2026\/04\/mini-pomme-cannelle-classique.jpg","contentUrl":"https:\/\/www.lamaisondupainaubeurre.com\/wp-content\/uploads\/2026\/04\/mini-pomme-cannelle-classique.jpg","width":1000,"height":1000},{"@type":"BreadcrumbList","@id":"https:\/\/www.lamaisondupainaubeurre.com\/index.php\/produit\/pomme-cannelle-6-personnes\/#breadcrumb","itemListElement":[{"@type":"ListItem","position":1,"name":"Accueil","item":"https:\/\/www.lamaisondupainaubeurre.com\/"},{"@type":"ListItem","position":2,"name":"Boutique","item":"https:\/\/www.lamaisondupainaubeurre.com\/index.php\/boutique\/"},{"@type":"ListItem","position":3,"name":"Pomme cannelle x 6"}]},{"@type":"WebSite","@id":"https:\/\/www.lamaisondupainaubeurre.com\/#website","url":"https:\/\/www.lamaisondupainaubeurre.com\/","name":"La maison du pain au beurre","description":"","publisher":{"@id":"https:\/\/www.lamaisondupainaubeurre.com\/#organization"},"potentialAction":[{"@type":"SearchAction","target":{"@type":"EntryPoint","urlTemplate":"https:\/\/www.lamaisondupainaubeurre.com\/?s={search_term_string}"},"query-input":{"@type":"PropertyValueSpecification","valueRequired":true,"valueName":"search_term_string"}}],"inLanguage":"fr-FR"},{"@type":"Organization","@id":"https:\/\/www.lamaisondupainaubeurre.com\/#organization","name":"La maison du pain au beurre","url":"https:\/\/www.lamaisondupainaubeurre.com\/","logo":{"@type":"ImageObject","inLanguage":"fr-FR","@id":"https:\/\/www.lamaisondupainaubeurre.com\/#\/schema\/logo\/image\/","url":"https:\/\/www.lamaisondupainaubeurre.com\/wp-content\/uploads\/2023\/12\/Logo-la-maison-du-pain-au-beurre-rouge-avec-bordure.png","contentUrl":"https:\/\/www.lamaisondupainaubeurre.com\/wp-content\/uploads\/2023\/12\/Logo-la-maison-du-pain-au-beurre-rouge-avec-bordure.png","width":900,"height":338,"caption":"La maison du pain au beurre"},"image":{"@id":"https:\/\/www.lamaisondupainaubeurre.com\/#\/schema\/logo\/image\/"}}]}},"_links":{"self":[{"href":"https:\/\/www.lamaisondupainaubeurre.com\/index.php\/wp-json\/wp\/v2\/product\/2528","targetHints":{"allow":["GET"]}}],"collection":[{"href":"https:\/\/www.lamaisondupainaubeurre.com\/index.php\/wp-json\/wp\/v2\/product"}],"about":[{"href":"https:\/\/www.lamaisondupainaubeurre.com\/index.php\/wp-json\/wp\/v2\/types\/product"}],"wp:featuredmedia":[{"embeddable":true,"href":"https:\/\/www.lamaisondupainaubeurre.com\/index.php\/wp-json\/wp\/v2\/media\/2529"}],"wp:attachment":[{"href":"https:\/\/www.lamaisondupainaubeurre.com\/index.php\/wp-json\/wp\/v2\/media?parent=2528"}],"wp:term":[{"taxonomy":"product_brand","embeddable":true,"href":"https:\/\/www.lamaisondupainaubeurre.com\/index.php\/wp-json\/wp\/v2\/product_brand?post=2528"},{"taxonomy":"product_cat","embeddable":true,"href":"https:\/\/www.lamaisondupainaubeurre.com\/index.php\/wp-json\/wp\/v2\/product_cat?post=2528"},{"taxonomy":"product_tag","embeddable":true,"href":"https:\/\/www.lamaisondupainaubeurre.com\/index.php\/wp-json\/wp\/v2\/product_tag?post=2528"}],"curies":[{"name":"wp","href":"https:\/\/api.w.org\/{rel}","templated":true}]}}